{"id":32544,"date":"2023-08-22T19:25:28","date_gmt":"2023-08-22T19:25:28","guid":{"rendered":"https:\/\/gaviwood.com\/?page_id=32544"},"modified":"2024-11-18T09:57:18","modified_gmt":"2024-11-18T09:57:18","slug":"get-a-quote","status":"publish","type":"page","link":"https:\/\/gaviwood.com\/en\/get-a-quote\/","title":{"rendered":"Get a Quote"},"content":{"rendered":"<div data-elementor-type=\"wp-page\" data-elementor-id=\"32544\" class=\"elementor elementor-32544\">\n\t\t\t\t\t\t<section class=\"elementor-section elementor-top-section elementor-element elementor-element-d9134be elementor-section-boxed elementor-section-height-default elementor-section-height-default sc_fly_static\" data-id=\"d9134be\" data-element_type=\"section\" data-e-type=\"section\">\n\t\t\t\t\t\t<div class=\"elementor-container elementor-column-gap-extended\">\n\t\t\t\t\t<div class=\"elementor-column elementor-col-100 elementor-top-column elementor-element elementor-element-17079bf sc_content_align_inherit sc_layouts_column_icons_position_left sc_fly_static\" data-id=\"17079bf\" data-element_type=\"column\" data-e-type=\"column\">\n\t\t\t<div class=\"elementor-widget-wrap elementor-element-populated\">\n\t\t\t\t\t\t<div class=\"elementor-element elementor-element-3ef7e77 sc_height_huge sc_fly_static elementor-widget elementor-widget-spacer\" data-id=\"3ef7e77\" data-element_type=\"widget\" data-e-type=\"widget\" data-widget_type=\"spacer.default\">\n\t\t\t\t<div class=\"elementor-widget-container\">\n\t\t\t\t\t\t\t<div class=\"elementor-spacer\">\n\t\t\t<div class=\"elementor-spacer-inner\"><\/div>\n\t\t<\/div>\n\t\t\t\t\t\t<\/div>\n\t\t\t\t<\/div>\n\t\t\t\t\t<\/div>\n\t\t<\/div>\n\t\t\t\t\t<\/div>\n\t\t<\/section>\n\t\t\t\t<section class=\"elementor-section elementor-top-section elementor-element elementor-element-b019a6f elementor-section-boxed elementor-section-height-default elementor-section-height-default sc_fly_static\" data-id=\"b019a6f\" data-element_type=\"section\" data-e-type=\"section\">\n\t\t\t\t\t\t<div class=\"elementor-container elementor-column-gap-extended\">\n\t\t\t\t\t<div class=\"elementor-column elementor-col-50 elementor-top-column elementor-element elementor-element-77441ab7 sc_content_align_inherit sc_layouts_column_icons_position_left sc_fly_static\" data-id=\"77441ab7\" data-element_type=\"column\" data-e-type=\"column\">\n\t\t\t<div class=\"elementor-widget-wrap elementor-element-populated\">\n\t\t\t\t\t\t<div class=\"elementor-element elementor-element-40e4fd4c sc_fly_static elementor-widget elementor-widget-trx_sc_title\" data-id=\"40e4fd4c\" data-element_type=\"widget\" data-e-type=\"widget\" data-widget_type=\"trx_sc_title.default\">\n\t\t\t\t<div class=\"elementor-widget-container\">\n\t\t\t\t\t<div\t\tclass=\"sc_title sc_title_default\" ><span class=\"sc_item_subtitle sc_title_subtitle sc_item_subtitle_above sc_item_title_style_default\">ileti\u015fim formu<\/span><h1 class=\"sc_item_title sc_title_title sc_item_title_style_default sc_item_title_tag\"\n\t\t\t><span class=\"sc_item_title_text\">Size nas\u0131l yard\u0131mc\u0131 olabiliriz?<\/span><\/h1><\/div>\t\t\t\t<\/div>\n\t\t\t\t<\/div>\n\t\t\t\t<div class=\"elementor-element elementor-element-1d033f66 sc_height_small sc_fly_static elementor-widget elementor-widget-spacer\" data-id=\"1d033f66\" data-element_type=\"widget\" data-e-type=\"widget\" data-widget_type=\"spacer.default\">\n\t\t\t\t<div class=\"elementor-widget-container\">\n\t\t\t\t\t\t\t<div class=\"elementor-spacer\">\n\t\t\t<div class=\"elementor-spacer-inner\"><\/div>\n\t\t<\/div>\n\t\t\t\t\t\t<\/div>\n\t\t\t\t<\/div>\n\t\t\t\t<div class=\"elementor-element elementor-element-118c92a3 sc_layouts_hide_on_mobile sc_fly_static elementor-widget elementor-widget-spacer\" data-id=\"118c92a3\" data-element_type=\"widget\" data-e-type=\"widget\" data-widget_type=\"spacer.default\">\n\t\t\t\t<div class=\"elementor-widget-container\">\n\t\t\t\t\t\t\t<div class=\"elementor-spacer\">\n\t\t\t<div class=\"elementor-spacer-inner\"><\/div>\n\t\t<\/div>\n\t\t\t\t\t\t<\/div>\n\t\t\t\t<\/div>\n\t\t\t\t<div class=\"elementor-element elementor-element-569fd1e6 sc_fly_static elementor-widget elementor-widget-image\" data-id=\"569fd1e6\" data-element_type=\"widget\" data-e-type=\"widget\" data-widget_type=\"image.default\">\n\t\t\t\t<div class=\"elementor-widget-container\">\n\t\t\t\t\t\t\t\t\t\t\t\t\t\t\t<img decoding=\"async\" src=\"https:\/\/gaviwood.com\/wp-content\/uploads\/elementor\/thumbs\/worktop-texture-scaled-qx8dfaprh1e98tcuexswrod4n5bzq7fospi7bar5co.jpg\" title=\"Masif Ah\u015fap Tezg\u00e2h Y\u00fczeyi\" alt=\"Masif ah\u015fap tezg\u00e2h y\u00fczey detay\u0131\" loading=\"lazy\" \/>\t\t\t\t\t\t\t\t\t\t\t\t\t\t\t<\/div>\n\t\t\t\t<\/div>\n\t\t\t\t\t<\/div>\n\t\t<\/div>\n\t\t\t\t<div class=\"elementor-column elementor-col-50 elementor-top-column elementor-element elementor-element-4f4d9bc0 sc_content_align_inherit sc_layouts_column_icons_position_left sc_fly_static\" data-id=\"4f4d9bc0\" data-element_type=\"column\" data-e-type=\"column\" data-settings=\"{&quot;background_background&quot;:&quot;classic&quot;}\">\n\t\t\t<div class=\"elementor-widget-wrap elementor-element-populated\">\n\t\t\t\t\t\t<div class=\"elementor-element elementor-element-470c298c sc_layouts_hide_on_tablet sc_fly_static elementor-widget elementor-widget-spacer\" data-id=\"470c298c\" data-element_type=\"widget\" data-e-type=\"widget\" data-widget_type=\"spacer.default\">\n\t\t\t\t<div class=\"elementor-widget-container\">\n\t\t\t\t\t\t\t<div class=\"elementor-spacer\">\n\t\t\t<div class=\"elementor-spacer-inner\"><\/div>\n\t\t<\/div>\n\t\t\t\t\t\t<\/div>\n\t\t\t\t<\/div>\n\t\t\t\t<div class=\"elementor-element elementor-element-68d7bcd9 scheme_light sc_fly_static elementor-widget elementor-widget-trx_sc_contact_form_7\" data-id=\"68d7bcd9\" data-element_type=\"widget\" data-e-type=\"widget\" data-widget_type=\"trx_sc_contact_form_7.default\">\n\t\t\t\t<div class=\"elementor-widget-container\">\n\t\t\t\t\t\n<div class=\"wpcf7 no-js\" id=\"wpcf7-f1413-o1\" lang=\"en-US\" dir=\"ltr\" data-wpcf7-id=\"1413\">\n<div class=\"screen-reader-response\"><p role=\"status\" aria-live=\"polite\" aria-atomic=\"true\"><\/p> <ul><\/ul><\/div>\n<form action=\"\/en\/wp-json\/wp\/v2\/pages\/32544#wpcf7-f1413-o1\" method=\"post\" class=\"wpcf7-form init\" aria-label=\"Contact form\" novalidate=\"novalidate\" data-status=\"init\" data-trp-original-action=\"\/en\/wp-json\/wp\/v2\/pages\/32544#wpcf7-f1413-o1\">\n<fieldset class=\"hidden-fields-container\"><input type=\"hidden\" name=\"_wpcf7\" value=\"1413\" \/><input type=\"hidden\" name=\"_wpcf7_version\" value=\"6.1.5\" \/><input type=\"hidden\" name=\"_wpcf7_locale\" value=\"en_US\" \/><input type=\"hidden\" name=\"_wpcf7_unit_tag\" value=\"wpcf7-f1413-o1\" \/><input type=\"hidden\" name=\"_wpcf7_container_post\" value=\"0\" \/><input type=\"hidden\" name=\"_wpcf7_posted_data_hash\" value=\"\" \/>\n<\/fieldset>\n<div class=\"form-style-7\">\n\t<div class=\"columns_wrap\">\n\t\t<div class=\"column-1_1\">\n\t\t\t<p><span class=\"style-line icon-name\"><span class=\"wpcf7-form-control-wrap\" data-name=\"your-name\"><input size=\"40\" maxlength=\"400\" class=\"wpcf7-form-control wpcf7-text wpcf7-validates-as-required\" aria-required=\"true\" aria-invalid=\"false\" placeholder=\"Name\" value=\"\" type=\"text\" name=\"your-name\" \/><\/span><\/span>\n\t\t\t<\/p>\n\t\t<\/div>\n\t\t<div class=\"column-1_1\">\n\t\t\t<p><span class=\"style-line icon-phone\"><span class=\"wpcf7-form-control-wrap\" data-name=\"phone\"><input size=\"40\" maxlength=\"400\" class=\"wpcf7-form-control wpcf7-tel wpcf7-validates-as-required wpcf7-text wpcf7-validates-as-tel\" aria-required=\"true\" aria-invalid=\"false\" placeholder=\"Phone\" value=\"\" type=\"tel\" name=\"phone\" \/><\/span><\/span>\n\t\t\t<\/p>\n\t\t<\/div>\n\t\t<div class=\"column-1_1\">\n\t\t\t<p><span class=\"style-line icon-email\"><span class=\"wpcf7-form-control-wrap\" data-name=\"your-email\"><input size=\"40\" maxlength=\"400\" class=\"wpcf7-form-control wpcf7-email wpcf7-validates-as-required wpcf7-text wpcf7-validates-as-email\" aria-required=\"true\" aria-invalid=\"false\" placeholder=\"Email\" value=\"\" type=\"email\" name=\"your-email\" \/><\/span><\/span>\n\t\t\t<\/p>\n\t\t<\/div>\n\t\t<div class=\"column-1_1\">\n\t\t\t<p><span class=\"style-line icon-subject\"><span class=\"wpcf7-form-control-wrap\" data-name=\"subject\"><input size=\"40\" maxlength=\"400\" class=\"wpcf7-form-control wpcf7-text wpcf7-validates-as-required\" aria-required=\"true\" aria-invalid=\"false\" placeholder=\"Subject\" value=\"\" type=\"text\" name=\"subject\" \/><\/span><\/span>\n\t\t\t<\/p>\n\t\t<\/div>\n\t<\/div>\n\t<div class=\"columns_wrap margin-bottom\">\n\t\t<div class=\"column-1_1\">\n\t\t\t<p><span class=\"style-line icon-textarea\"><span class=\"wpcf7-form-control-wrap\" data-name=\"your-message\"><textarea cols=\"40\" rows=\"10\" maxlength=\"2000\" class=\"wpcf7-form-control wpcf7-textarea wpcf7-validates-as-required\" aria-required=\"true\" aria-invalid=\"false\" placeholder=\"How can we help you? Please do not hesitate to get in touch!\" name=\"your-message\"><\/textarea><\/span><\/span>\n\t\t\t<\/p>\n\t\t<\/div>\n\t<\/div>\n\t<p><input class=\"wpcf7-form-control wpcf7-submit has-spinner\" type=\"submit\" value=\"Get a Quote\" \/>\n\t<\/p>\n<\/div><p style=\"display: none !important;\" class=\"akismet-fields-container\" data-prefix=\"_wpcf7_ak_\"><label>&#916;<textarea name=\"_wpcf7_ak_hp_textarea\" cols=\"45\" rows=\"8\" maxlength=\"100\"><\/textarea><\/label><input type=\"hidden\" id=\"ak_js_1\" name=\"_wpcf7_ak_js\" value=\"180\"\/><script>document.getElementById( \"ak_js_1\" ).setAttribute( \"value\", ( new Date() ).getTime() );<\/script><\/p><div class=\"wpcf7-response-output\" aria-hidden=\"true\"><\/div>\n<input type=\"hidden\" name=\"trp-form-language\" value=\"en\"\/><\/form>\n<\/div>\n\t\t\t\t<\/div>\n\t\t\t\t<\/div>\n\t\t\t\t\t<\/div>\n\t\t<\/div>\n\t\t\t\t\t<\/div>\n\t\t<\/section>\n\t\t\t\t<\/div>","protected":false},"excerpt":{"rendered":"<p>ileti\u015fim formu Size nas\u0131l yard\u0131mc\u0131 olabiliriz?<\/p>","protected":false},"author":1,"featured_media":0,"parent":0,"menu_order":0,"comment_status":"closed","ping_status":"closed","template":"","meta":{"footnotes":""},"class_list":["post-32544","page","type-page","status-publish","hentry"],"yoast_head":"<!-- This site is optimized with the Yoast SEO plugin v27.3 - https:\/\/yoast.com\/product\/yoast-seo-wordpress\/ -->\n<title>Get a Quote | Gavi Wood<\/title>\n<meta name=\"robots\" content=\"index, follow, max-snippet:-1, max-image-preview:large, max-video-preview:-1\" \/>\n<link rel=\"canonical\" href=\"https:\/\/gaviwood.com\/en\/get-a-quote\/\" \/>\n<meta property=\"og:locale\" content=\"en_US\" \/>\n<meta property=\"og:type\" content=\"article\" \/>\n<meta property=\"og:title\" content=\"Get a Quote - Gavi Wood\" \/>\n<meta property=\"og:description\" content=\"ileti\u015fim formu Size nas\u0131l yard\u0131mc\u0131 olabiliriz?\" \/>\n<meta property=\"og:url\" content=\"https:\/\/gaviwood.com\/en\/get-a-quote\/\" \/>\n<meta property=\"og:site_name\" content=\"Gavi Wood\" \/>\n<meta property=\"article:modified_time\" content=\"2024-11-18T09:57:18+00:00\" \/>\n<meta property=\"og:image\" content=\"https:\/\/gaviwood.com\/wp-content\/uploads\/elementor\/thumbs\/worktop-texture-scaled-qx8dfaprh1e98tcuexswrod4n5bzq7fospi7bar5co.jpg\" \/>\n<meta name=\"twitter:card\" content=\"summary_large_image\" \/>\n<script type=\"application\/ld+json\" class=\"yoast-schema-graph\">{\"@context\":\"https:\\\/\\\/schema.org\",\"@graph\":[{\"@type\":\"WebPage\",\"@id\":\"https:\\\/\\\/gaviwood.com\\\/get-a-quote\\\/\",\"url\":\"https:\\\/\\\/gaviwood.com\\\/get-a-quote\\\/\",\"name\":\"Get a Quote - Gavi Wood\",\"isPartOf\":{\"@id\":\"https:\\\/\\\/gaviwood.com\\\/#website\"},\"primaryImageOfPage\":{\"@id\":\"https:\\\/\\\/gaviwood.com\\\/get-a-quote\\\/#primaryimage\"},\"image\":{\"@id\":\"https:\\\/\\\/gaviwood.com\\\/get-a-quote\\\/#primaryimage\"},\"thumbnailUrl\":\"https:\\\/\\\/gaviwood.com\\\/wp-content\\\/uploads\\\/elementor\\\/thumbs\\\/worktop-texture-scaled-qx8dfaprh1e98tcuexswrod4n5bzq7fospi7bar5co.jpg\",\"datePublished\":\"2023-08-22T19:25:28+00:00\",\"dateModified\":\"2024-11-18T09:57:18+00:00\",\"breadcrumb\":{\"@id\":\"https:\\\/\\\/gaviwood.com\\\/get-a-quote\\\/#breadcrumb\"},\"inLanguage\":\"en-US\",\"potentialAction\":[{\"@type\":\"ReadAction\",\"target\":[\"https:\\\/\\\/gaviwood.com\\\/get-a-quote\\\/\"]}]},{\"@type\":\"ImageObject\",\"inLanguage\":\"en-US\",\"@id\":\"https:\\\/\\\/gaviwood.com\\\/get-a-quote\\\/#primaryimage\",\"url\":\"https:\\\/\\\/gaviwood.com\\\/wp-content\\\/uploads\\\/elementor\\\/thumbs\\\/worktop-texture-scaled-qx8dfaprh1e98tcuexswrod4n5bzq7fospi7bar5co.jpg\",\"contentUrl\":\"https:\\\/\\\/gaviwood.com\\\/wp-content\\\/uploads\\\/elementor\\\/thumbs\\\/worktop-texture-scaled-qx8dfaprh1e98tcuexswrod4n5bzq7fospi7bar5co.jpg\"},{\"@type\":\"BreadcrumbList\",\"@id\":\"https:\\\/\\\/gaviwood.com\\\/get-a-quote\\\/#breadcrumb\",\"itemListElement\":[{\"@type\":\"ListItem\",\"position\":1,\"name\":\"Anasayfa\",\"item\":\"https:\\\/\\\/gaviwood.com\\\/\"},{\"@type\":\"ListItem\",\"position\":2,\"name\":\"Get a Quote\"}]},{\"@type\":\"WebSite\",\"@id\":\"https:\\\/\\\/gaviwood.com\\\/#website\",\"url\":\"https:\\\/\\\/gaviwood.com\\\/\",\"name\":\"Gavi Wood\",\"description\":\"Solid by Nature\",\"publisher\":{\"@id\":\"https:\\\/\\\/gaviwood.com\\\/#organization\"},\"potentialAction\":[{\"@type\":\"SearchAction\",\"target\":{\"@type\":\"EntryPoint\",\"urlTemplate\":\"https:\\\/\\\/gaviwood.com\\\/?s={search_term_string}\"},\"query-input\":{\"@type\":\"PropertyValueSpecification\",\"valueRequired\":true,\"valueName\":\"search_term_string\"}}],\"inLanguage\":\"en-US\"},{\"@type\":\"Organization\",\"@id\":\"https:\\\/\\\/gaviwood.com\\\/#organization\",\"name\":\"Gavi Wood\",\"url\":\"https:\\\/\\\/gaviwood.com\\\/\",\"logo\":{\"@type\":\"ImageObject\",\"inLanguage\":\"en-US\",\"@id\":\"https:\\\/\\\/gaviwood.com\\\/#\\\/schema\\\/logo\\\/image\\\/\",\"url\":\"https:\\\/\\\/gaviwood.com\\\/wp-content\\\/uploads\\\/2024\\\/11\\\/GaviWood_Logo_300xRetina.png\",\"contentUrl\":\"https:\\\/\\\/gaviwood.com\\\/wp-content\\\/uploads\\\/2024\\\/11\\\/GaviWood_Logo_300xRetina.png\",\"width\":300,\"height\":72,\"caption\":\"Gavi Wood\"},\"image\":{\"@id\":\"https:\\\/\\\/gaviwood.com\\\/#\\\/schema\\\/logo\\\/image\\\/\"}}]}<\/script>\n<!-- \/ Yoast SEO plugin. -->","yoast_head_json":{"title":"Get a Quote | Gavi Wood","robots":{"index":"index","follow":"follow","max-snippet":"max-snippet:-1","max-image-preview":"max-image-preview:large","max-video-preview":"max-video-preview:-1"},"canonical":"https:\/\/gaviwood.com\/en\/get-a-quote\/","og_locale":"en_US","og_type":"article","og_title":"Get a Quote - Gavi Wood","og_description":"ileti\u015fim formu Size nas\u0131l yard\u0131mc\u0131 olabiliriz?","og_url":"https:\/\/gaviwood.com\/en\/get-a-quote\/","og_site_name":"Gavi Wood","article_modified_time":"2024-11-18T09:57:18+00:00","og_image":[{"url":"https:\/\/gaviwood.com\/wp-content\/uploads\/elementor\/thumbs\/worktop-texture-scaled-qx8dfaprh1e98tcuexswrod4n5bzq7fospi7bar5co.jpg","type":"","width":"","height":""}],"twitter_card":"summary_large_image","schema":{"@context":"https:\/\/schema.org","@graph":[{"@type":"WebPage","@id":"https:\/\/gaviwood.com\/get-a-quote\/","url":"https:\/\/gaviwood.com\/get-a-quote\/","name":"Get a Quote - Gavi Wood","isPartOf":{"@id":"https:\/\/gaviwood.com\/#website"},"primaryImageOfPage":{"@id":"https:\/\/gaviwood.com\/get-a-quote\/#primaryimage"},"image":{"@id":"https:\/\/gaviwood.com\/get-a-quote\/#primaryimage"},"thumbnailUrl":"https:\/\/gaviwood.com\/wp-content\/uploads\/elementor\/thumbs\/worktop-texture-scaled-qx8dfaprh1e98tcuexswrod4n5bzq7fospi7bar5co.jpg","datePublished":"2023-08-22T19:25:28+00:00","dateModified":"2024-11-18T09:57:18+00:00","breadcrumb":{"@id":"https:\/\/gaviwood.com\/get-a-quote\/#breadcrumb"},"inLanguage":"en-US","potentialAction":[{"@type":"ReadAction","target":["https:\/\/gaviwood.com\/get-a-quote\/"]}]},{"@type":"ImageObject","inLanguage":"en-US","@id":"https:\/\/gaviwood.com\/get-a-quote\/#primaryimage","url":"https:\/\/gaviwood.com\/wp-content\/uploads\/elementor\/thumbs\/worktop-texture-scaled-qx8dfaprh1e98tcuexswrod4n5bzq7fospi7bar5co.jpg","contentUrl":"https:\/\/gaviwood.com\/wp-content\/uploads\/elementor\/thumbs\/worktop-texture-scaled-qx8dfaprh1e98tcuexswrod4n5bzq7fospi7bar5co.jpg"},{"@type":"BreadcrumbList","@id":"https:\/\/gaviwood.com\/get-a-quote\/#breadcrumb","itemListElement":[{"@type":"ListItem","position":1,"name":"Anasayfa","item":"https:\/\/gaviwood.com\/"},{"@type":"ListItem","position":2,"name":"Get a Quote"}]},{"@type":"WebSite","@id":"https:\/\/gaviwood.com\/#website","url":"https:\/\/gaviwood.com\/","name":"Gavi Wood","description":"Solid by Nature","publisher":{"@id":"https:\/\/gaviwood.com\/#organization"},"potentialAction":[{"@type":"SearchAction","target":{"@type":"EntryPoint","urlTemplate":"https:\/\/gaviwood.com\/?s={search_term_string}"},"query-input":{"@type":"PropertyValueSpecification","valueRequired":true,"valueName":"search_term_string"}}],"inLanguage":"en-US"},{"@type":"Organization","@id":"https:\/\/gaviwood.com\/#organization","name":"Gavi Wood","url":"https:\/\/gaviwood.com\/","logo":{"@type":"ImageObject","inLanguage":"en-US","@id":"https:\/\/gaviwood.com\/#\/schema\/logo\/image\/","url":"https:\/\/gaviwood.com\/wp-content\/uploads\/2024\/11\/GaviWood_Logo_300xRetina.png","contentUrl":"https:\/\/gaviwood.com\/wp-content\/uploads\/2024\/11\/GaviWood_Logo_300xRetina.png","width":300,"height":72,"caption":"Gavi Wood"},"image":{"@id":"https:\/\/gaviwood.com\/#\/schema\/logo\/image\/"}}]}},"_links":{"self":[{"href":"https:\/\/gaviwood.com\/en\/wp-json\/wp\/v2\/pages\/32544","targetHints":{"allow":["GET"]}}],"collection":[{"href":"https:\/\/gaviwood.com\/en\/wp-json\/wp\/v2\/pages"}],"about":[{"href":"https:\/\/gaviwood.com\/en\/wp-json\/wp\/v2\/types\/page"}],"author":[{"embeddable":true,"href":"https:\/\/gaviwood.com\/en\/wp-json\/wp\/v2\/users\/1"}],"replies":[{"embeddable":true,"href":"https:\/\/gaviwood.com\/en\/wp-json\/wp\/v2\/comments?post=32544"}],"version-history":[{"count":3,"href":"https:\/\/gaviwood.com\/en\/wp-json\/wp\/v2\/pages\/32544\/revisions"}],"predecessor-version":[{"id":37440,"href":"https:\/\/gaviwood.com\/en\/wp-json\/wp\/v2\/pages\/32544\/revisions\/37440"}],"wp:attachment":[{"href":"https:\/\/gaviwood.com\/en\/wp-json\/wp\/v2\/media?parent=32544"}],"curies":[{"name":"wp","href":"https:\/\/api.w.org\/{rel}","templated":true}]}}