{"id":32384,"date":"2023-08-22T15:31:12","date_gmt":"2023-08-22T15:31:12","guid":{"rendered":"https:\/\/gaviwood.com\/?page_id=32384"},"modified":"2025-05-21T10:18:26","modified_gmt":"2025-05-21T10:18:26","slug":"hakkimizda","status":"publish","type":"page","link":"https:\/\/gaviwood.com\/en\/hakkimizda\/","title":{"rendered":"About Us"},"content":{"rendered":"<div data-elementor-type=\"wp-page\" data-elementor-id=\"32384\" class=\"elementor elementor-32384\">\n\t\t\t\t\t\t<section class=\"elementor-section elementor-top-section elementor-element elementor-element-6379d8a elementor-section-boxed elementor-section-height-default elementor-section-height-default sc_fly_static\" data-id=\"6379d8a\" data-element_type=\"section\" data-e-type=\"section\">\n\t\t\t\t\t\t<div class=\"elementor-container elementor-column-gap-extended\">\n\t\t\t\t\t<div class=\"elementor-column elementor-col-100 elementor-top-column elementor-element elementor-element-752510a sc_content_align_inherit sc_layouts_column_icons_position_left sc_fly_static\" data-id=\"752510a\" data-element_type=\"column\" data-e-type=\"column\">\n\t\t\t<div class=\"elementor-widget-wrap elementor-element-populated\">\n\t\t\t\t\t\t<div class=\"elementor-element elementor-element-f8830dd sc_height_huge sc_fly_static elementor-widget elementor-widget-spacer\" data-id=\"f8830dd\" data-element_type=\"widget\" data-e-type=\"widget\" data-widget_type=\"spacer.default\">\n\t\t\t\t<div class=\"elementor-widget-container\">\n\t\t\t\t\t\t\t<div class=\"elementor-spacer\">\n\t\t\t<div class=\"elementor-spacer-inner\"><\/div>\n\t\t<\/div>\n\t\t\t\t\t\t<\/div>\n\t\t\t\t<\/div>\n\t\t\t\t\t<\/div>\n\t\t<\/div>\n\t\t\t\t\t<\/div>\n\t\t<\/section>\n\t\t\t\t<section class=\"elementor-section elementor-top-section elementor-element elementor-element-4c8e8bb elementor-section-boxed elementor-section-height-default elementor-section-height-default sc_fly_static\" data-id=\"4c8e8bb\" data-element_type=\"section\" data-e-type=\"section\">\n\t\t\t\t\t\t<div class=\"elementor-container elementor-column-gap-extended\">\n\t\t\t\t\t<div class=\"elementor-column elementor-col-100 elementor-top-column elementor-element elementor-element-b525d95 sc_content_align_inherit sc_layouts_column_icons_position_left sc_fly_static\" data-id=\"b525d95\" data-element_type=\"column\" data-e-type=\"column\">\n\t\t\t<div class=\"elementor-widget-wrap elementor-element-populated\">\n\t\t\t\t\t\t<div class=\"elementor-element elementor-element-7d6d986 elementor-widget-tablet__width-initial sc_fly_static elementor-widget elementor-widget-text-editor\" data-id=\"7d6d986\" data-element_type=\"widget\" data-e-type=\"widget\" data-widget_type=\"text-editor.default\">\n\t\t\t\t<div class=\"elementor-widget-container\">\n\t\t\t\t\t\t\t\t\t<p class=\"translation-block\"><strong>GaviWood<\/strong> was born as a new brand with the partnership with Emek Wood Panel company established in Bolu\/Turkey in 2013.<\/p><p>Firmam\u0131z, i\u00e7 ve d\u0131\u015f mekanlarda kullan\u0131lan, y\u00fcksek kaliteli ve hassas \u00fcretim s\u00fcre\u00e7lerinden ge\u00e7en ah\u015fap panellerin \u00fcretimine odaklanm\u0131\u015ft\u0131r. Ana \u00fcr\u00fcn grubumuzda masif panellerin yan\u0131 s\u0131ra keresteler, deckler, ah\u015fap mobilyalar, masa tablalar\u0131, saunalar, \u00e7ardaklar ve raflar gibi geni\u015f bir yelpazede ah\u015fap bazl\u0131 \u00fcr\u00fcnler yer almaktad\u0131r.<\/p><p>M\u00fc\u015fterilerimize \u00f6zel \u00e7\u00f6z\u00fcmler sunarak, ihtiya\u00e7lar\u0131n\u0131za masif ah\u015fap bazl\u0131 \u00fcr\u00fcnler \u00fcretmekte ve uygulama \u00e7\u00f6z\u00fcmleri sunmaktay\u0131z. Modern \u00fcretim tesisimiz ve deneyimli ekibimizle kaliteli projelerinize uygun \u00fcr\u00fcn ve uygulama hizmetimizle sizlere \u00e7\u00f6z\u00fcm ortakl\u0131\u011f\u0131 sunmaktay\u0131z.<\/p>\t\t\t\t\t\t\t\t<\/div>\n\t\t\t\t<\/div>\n\t\t\t\t\t<\/div>\n\t\t<\/div>\n\t\t\t\t\t<\/div>\n\t\t<\/section>\n\t\t\t\t<section class=\"elementor-section elementor-top-section elementor-element elementor-element-c80bc8e elementor-section-boxed elementor-section-height-default elementor-section-height-default sc_fly_static\" data-id=\"c80bc8e\" data-element_type=\"section\" data-e-type=\"section\">\n\t\t\t\t\t\t<div class=\"elementor-container elementor-column-gap-extended\">\n\t\t\t\t\t<div class=\"elementor-column elementor-col-100 elementor-top-column elementor-element elementor-element-e440084 sc_content_align_inherit sc_layouts_column_icons_position_left sc_fly_static\" data-id=\"e440084\" data-element_type=\"column\" data-e-type=\"column\">\n\t\t\t<div class=\"elementor-widget-wrap elementor-element-populated\">\n\t\t\t\t\t\t<div class=\"elementor-element elementor-element-c15f93c sc_height_large sc_fly_static elementor-widget elementor-widget-spacer\" data-id=\"c15f93c\" data-element_type=\"widget\" data-e-type=\"widget\" data-widget_type=\"spacer.default\">\n\t\t\t\t<div class=\"elementor-widget-container\">\n\t\t\t\t\t\t\t<div class=\"elementor-spacer\">\n\t\t\t<div class=\"elementor-spacer-inner\"><\/div>\n\t\t<\/div>\n\t\t\t\t\t\t<\/div>\n\t\t\t\t<\/div>\n\t\t\t\t\t<\/div>\n\t\t<\/div>\n\t\t\t\t\t<\/div>\n\t\t<\/section>\n\t\t\t\t<\/div>","protected":false},"excerpt":{"rendered":"<p>GaviWood, 2013 y\u0131l\u0131nda Bolu\/T\u00fcrkiye&#8217;de kurulan Emek Ah\u015fap Panel \u015firketiyle ger\u00e7ekle\u015ftirdi\u011fi ortakl\u0131kla yeni bir marka olarak do\u011fmu\u015ftur. Firmam\u0131z, i\u00e7 ve d\u0131\u015f mekanlarda kullan\u0131lan, y\u00fcksek kaliteli ve hassas \u00fcretim s\u00fcre\u00e7lerinden ge\u00e7en ah\u015fap&hellip;<\/p>","protected":false},"author":1,"featured_media":0,"parent":0,"menu_order":0,"comment_status":"closed","ping_status":"closed","template":"","meta":{"footnotes":""},"class_list":["post-32384","page","type-page","status-publish","hentry"],"yoast_head":"<!-- This site is optimized with the Yoast SEO plugin v27.3 - https:\/\/yoast.com\/product\/yoast-seo-wordpress\/ -->\n<title>Hakk\u0131m\u0131zda | Gavi Wood<\/title>\n<meta name=\"robots\" content=\"index, follow, max-snippet:-1, max-image-preview:large, max-video-preview:-1\" \/>\n<link rel=\"canonical\" href=\"https:\/\/gaviwood.com\/en\/hakkimizda\/\" \/>\n<meta property=\"og:locale\" content=\"en_US\" \/>\n<meta property=\"og:type\" content=\"article\" \/>\n<meta property=\"og:title\" content=\"Hakk\u0131m\u0131zda - Gavi Wood\" \/>\n<meta property=\"og:description\" content=\"GaviWood, 2013 y\u0131l\u0131nda Bolu\/T\u00fcrkiye&#8217;de kurulan Emek Ah\u015fap Panel \u015firketiyle ger\u00e7ekle\u015ftirdi\u011fi ortakl\u0131kla yeni bir marka olarak do\u011fmu\u015ftur. Firmam\u0131z, i\u00e7 ve d\u0131\u015f mekanlarda kullan\u0131lan, y\u00fcksek kaliteli ve hassas \u00fcretim s\u00fcre\u00e7lerinden ge\u00e7en ah\u015fap&hellip;\" \/>\n<meta property=\"og:url\" content=\"https:\/\/gaviwood.com\/en\/hakkimizda\/\" \/>\n<meta property=\"og:site_name\" content=\"Gavi Wood\" \/>\n<meta property=\"article:modified_time\" content=\"2025-05-21T10:18:26+00:00\" \/>\n<meta name=\"twitter:card\" content=\"summary_large_image\" \/>\n<meta name=\"twitter:label1\" content=\"Est. reading time\" \/>\n\t<meta name=\"twitter:data1\" content=\"1 minute\" \/>\n<script type=\"application\/ld+json\" class=\"yoast-schema-graph\">{\"@context\":\"https:\\\/\\\/schema.org\",\"@graph\":[{\"@type\":\"WebPage\",\"@id\":\"https:\\\/\\\/gaviwood.com\\\/hakkimizda\\\/\",\"url\":\"https:\\\/\\\/gaviwood.com\\\/hakkimizda\\\/\",\"name\":\"Hakk\u0131m\u0131zda - Gavi Wood\",\"isPartOf\":{\"@id\":\"https:\\\/\\\/gaviwood.com\\\/#website\"},\"datePublished\":\"2023-08-22T15:31:12+00:00\",\"dateModified\":\"2025-05-21T10:18:26+00:00\",\"breadcrumb\":{\"@id\":\"https:\\\/\\\/gaviwood.com\\\/hakkimizda\\\/#breadcrumb\"},\"inLanguage\":\"en-US\",\"potentialAction\":[{\"@type\":\"ReadAction\",\"target\":[\"https:\\\/\\\/gaviwood.com\\\/hakkimizda\\\/\"]}]},{\"@type\":\"BreadcrumbList\",\"@id\":\"https:\\\/\\\/gaviwood.com\\\/hakkimizda\\\/#breadcrumb\",\"itemListElement\":[{\"@type\":\"ListItem\",\"position\":1,\"name\":\"Anasayfa\",\"item\":\"https:\\\/\\\/gaviwood.com\\\/\"},{\"@type\":\"ListItem\",\"position\":2,\"name\":\"Hakk\u0131m\u0131zda\"}]},{\"@type\":\"WebSite\",\"@id\":\"https:\\\/\\\/gaviwood.com\\\/#website\",\"url\":\"https:\\\/\\\/gaviwood.com\\\/\",\"name\":\"Gavi Wood\",\"description\":\"Solid by Nature\",\"publisher\":{\"@id\":\"https:\\\/\\\/gaviwood.com\\\/#organization\"},\"potentialAction\":[{\"@type\":\"SearchAction\",\"target\":{\"@type\":\"EntryPoint\",\"urlTemplate\":\"https:\\\/\\\/gaviwood.com\\\/?s={search_term_string}\"},\"query-input\":{\"@type\":\"PropertyValueSpecification\",\"valueRequired\":true,\"valueName\":\"search_term_string\"}}],\"inLanguage\":\"en-US\"},{\"@type\":\"Organization\",\"@id\":\"https:\\\/\\\/gaviwood.com\\\/#organization\",\"name\":\"Gavi Wood\",\"url\":\"https:\\\/\\\/gaviwood.com\\\/\",\"logo\":{\"@type\":\"ImageObject\",\"inLanguage\":\"en-US\",\"@id\":\"https:\\\/\\\/gaviwood.com\\\/#\\\/schema\\\/logo\\\/image\\\/\",\"url\":\"https:\\\/\\\/gaviwood.com\\\/wp-content\\\/uploads\\\/2024\\\/11\\\/GaviWood_Logo_300xRetina.png\",\"contentUrl\":\"https:\\\/\\\/gaviwood.com\\\/wp-content\\\/uploads\\\/2024\\\/11\\\/GaviWood_Logo_300xRetina.png\",\"width\":300,\"height\":72,\"caption\":\"Gavi Wood\"},\"image\":{\"@id\":\"https:\\\/\\\/gaviwood.com\\\/#\\\/schema\\\/logo\\\/image\\\/\"}}]}<\/script>\n<!-- \/ Yoast SEO plugin. -->","yoast_head_json":{"title":"Hakk\u0131m\u0131zda | Gavi Wood","robots":{"index":"index","follow":"follow","max-snippet":"max-snippet:-1","max-image-preview":"max-image-preview:large","max-video-preview":"max-video-preview:-1"},"canonical":"https:\/\/gaviwood.com\/en\/hakkimizda\/","og_locale":"en_US","og_type":"article","og_title":"Hakk\u0131m\u0131zda - Gavi Wood","og_description":"GaviWood, 2013 y\u0131l\u0131nda Bolu\/T\u00fcrkiye&#8217;de kurulan Emek Ah\u015fap Panel \u015firketiyle ger\u00e7ekle\u015ftirdi\u011fi ortakl\u0131kla yeni bir marka olarak do\u011fmu\u015ftur. Firmam\u0131z, i\u00e7 ve d\u0131\u015f mekanlarda kullan\u0131lan, y\u00fcksek kaliteli ve hassas \u00fcretim s\u00fcre\u00e7lerinden ge\u00e7en ah\u015fap&hellip;","og_url":"https:\/\/gaviwood.com\/en\/hakkimizda\/","og_site_name":"Gavi Wood","article_modified_time":"2025-05-21T10:18:26+00:00","twitter_card":"summary_large_image","twitter_misc":{"Est. reading time":"1 minute"},"schema":{"@context":"https:\/\/schema.org","@graph":[{"@type":"WebPage","@id":"https:\/\/gaviwood.com\/hakkimizda\/","url":"https:\/\/gaviwood.com\/hakkimizda\/","name":"Hakk\u0131m\u0131zda - Gavi Wood","isPartOf":{"@id":"https:\/\/gaviwood.com\/#website"},"datePublished":"2023-08-22T15:31:12+00:00","dateModified":"2025-05-21T10:18:26+00:00","breadcrumb":{"@id":"https:\/\/gaviwood.com\/hakkimizda\/#breadcrumb"},"inLanguage":"en-US","potentialAction":[{"@type":"ReadAction","target":["https:\/\/gaviwood.com\/hakkimizda\/"]}]},{"@type":"BreadcrumbList","@id":"https:\/\/gaviwood.com\/hakkimizda\/#breadcrumb","itemListElement":[{"@type":"ListItem","position":1,"name":"Anasayfa","item":"https:\/\/gaviwood.com\/"},{"@type":"ListItem","position":2,"name":"Hakk\u0131m\u0131zda"}]},{"@type":"WebSite","@id":"https:\/\/gaviwood.com\/#website","url":"https:\/\/gaviwood.com\/","name":"Gavi Wood","description":"Solid by Nature","publisher":{"@id":"https:\/\/gaviwood.com\/#organization"},"potentialAction":[{"@type":"SearchAction","target":{"@type":"EntryPoint","urlTemplate":"https:\/\/gaviwood.com\/?s={search_term_string}"},"query-input":{"@type":"PropertyValueSpecification","valueRequired":true,"valueName":"search_term_string"}}],"inLanguage":"en-US"},{"@type":"Organization","@id":"https:\/\/gaviwood.com\/#organization","name":"Gavi Wood","url":"https:\/\/gaviwood.com\/","logo":{"@type":"ImageObject","inLanguage":"en-US","@id":"https:\/\/gaviwood.com\/#\/schema\/logo\/image\/","url":"https:\/\/gaviwood.com\/wp-content\/uploads\/2024\/11\/GaviWood_Logo_300xRetina.png","contentUrl":"https:\/\/gaviwood.com\/wp-content\/uploads\/2024\/11\/GaviWood_Logo_300xRetina.png","width":300,"height":72,"caption":"Gavi Wood"},"image":{"@id":"https:\/\/gaviwood.com\/#\/schema\/logo\/image\/"}}]}},"_links":{"self":[{"href":"https:\/\/gaviwood.com\/en\/wp-json\/wp\/v2\/pages\/32384","targetHints":{"allow":["GET"]}}],"collection":[{"href":"https:\/\/gaviwood.com\/en\/wp-json\/wp\/v2\/pages"}],"about":[{"href":"https:\/\/gaviwood.com\/en\/wp-json\/wp\/v2\/types\/page"}],"author":[{"embeddable":true,"href":"https:\/\/gaviwood.com\/en\/wp-json\/wp\/v2\/users\/1"}],"replies":[{"embeddable":true,"href":"https:\/\/gaviwood.com\/en\/wp-json\/wp\/v2\/comments?post=32384"}],"version-history":[{"count":7,"href":"https:\/\/gaviwood.com\/en\/wp-json\/wp\/v2\/pages\/32384\/revisions"}],"predecessor-version":[{"id":38276,"href":"https:\/\/gaviwood.com\/en\/wp-json\/wp\/v2\/pages\/32384\/revisions\/38276"}],"wp:attachment":[{"href":"https:\/\/gaviwood.com\/en\/wp-json\/wp\/v2\/media?parent=32384"}],"curies":[{"name":"wp","href":"https:\/\/api.w.org\/{rel}","templated":true}]}}