{"id":1453,"date":"2020-12-30T11:12:41","date_gmt":"2020-12-30T11:12:41","guid":{"rendered":"https:\/\/gaviwood.com\/?page_id=1453"},"modified":"2025-05-27T09:39:13","modified_gmt":"2025-05-27T09:39:13","slug":"iletisim","status":"publish","type":"page","link":"https:\/\/gaviwood.com\/en\/iletisim\/","title":{"rendered":"Contact"},"content":{"rendered":"<div data-elementor-type=\"wp-page\" data-elementor-id=\"1453\" class=\"elementor elementor-1453\">\n\t\t\t\t\t\t<section class=\"elementor-section elementor-top-section elementor-element elementor-element-74acda52 elementor-section-boxed elementor-section-height-default elementor-section-height-default sc_fly_static\" data-id=\"74acda52\" data-element_type=\"section\" data-e-type=\"section\">\n\t\t\t\t\t\t<div class=\"elementor-container elementor-column-gap-extended\">\n\t\t\t\t\t<div class=\"elementor-column elementor-col-100 elementor-top-column elementor-element elementor-element-7b1dad3d sc_content_align_inherit sc_layouts_column_icons_position_left sc_fly_static\" data-id=\"7b1dad3d\" data-element_type=\"column\" data-e-type=\"column\">\n\t\t\t<div class=\"elementor-widget-wrap elementor-element-populated\">\n\t\t\t\t\t\t<div class=\"elementor-element elementor-element-2dca9963 sc_height_huge sc_fly_static elementor-widget elementor-widget-spacer\" data-id=\"2dca9963\" data-element_type=\"widget\" data-e-type=\"widget\" data-widget_type=\"spacer.default\">\n\t\t\t\t<div class=\"elementor-widget-container\">\n\t\t\t\t\t\t\t<div class=\"elementor-spacer\">\n\t\t\t<div class=\"elementor-spacer-inner\"><\/div>\n\t\t<\/div>\n\t\t\t\t\t\t<\/div>\n\t\t\t\t<\/div>\n\t\t\t\t<section class=\"elementor-section elementor-inner-section elementor-element elementor-element-5ae49e57 elementor-section-boxed elementor-section-height-default elementor-section-height-default sc_fly_static\" data-id=\"5ae49e57\" data-element_type=\"section\" data-e-type=\"section\">\n\t\t\t\t\t\t<div class=\"elementor-container elementor-column-gap-no\">\n\t\t\t\t\t<div class=\"elementor-column elementor-col-50 elementor-inner-column elementor-element elementor-element-33aafd9d sc_content_align_inherit sc_layouts_column_icons_position_left sc_fly_static\" data-id=\"33aafd9d\" data-element_type=\"column\" data-e-type=\"column\">\n\t\t\t<div class=\"elementor-widget-wrap elementor-element-populated\">\n\t\t\t\t\t\t<div class=\"elementor-element elementor-element-3f7e0f33 sc_fly_static elementor-widget elementor-widget-trx_sc_title\" data-id=\"3f7e0f33\" data-element_type=\"widget\" data-e-type=\"widget\" data-widget_type=\"trx_sc_title.default\">\n\t\t\t\t<div class=\"elementor-widget-container\">\n\t\t\t\t\t<div\t\tclass=\"sc_title sc_title_default\" ><span class=\"sc_item_subtitle sc_title_subtitle sc_item_subtitle_above sc_item_title_style_default\">Contact Us<\/span><h1 class=\"sc_item_title sc_title_title sc_item_title_style_default sc_item_title_tag\"\n\t\t\t><span class=\"sc_item_title_text\">Keep In Touch!<\/span><\/h1><div class=\"sc_item_descr sc_title_descr\"><p>Please feel free to contact us at any time for anything we can help you with. We will be pleased to cooperate with you.<\/p>\n<\/div><\/div>\t\t\t\t<\/div>\n\t\t\t\t<\/div>\n\t\t\t\t\t<\/div>\n\t\t<\/div>\n\t\t\t\t<div class=\"elementor-column elementor-col-50 elementor-inner-column elementor-element elementor-element-30a8b690 sc_content_align_inherit sc_layouts_column_icons_position_left sc_fly_static\" data-id=\"30a8b690\" data-element_type=\"column\" data-e-type=\"column\">\n\t\t\t<div class=\"elementor-widget-wrap elementor-element-populated\">\n\t\t\t\t\t\t<div class=\"elementor-element elementor-element-2dfba547 sc_layouts_hide_on_tablet sc_height_huge sc_layouts_hide_on_mobile sc_fly_static elementor-widget elementor-widget-spacer\" data-id=\"2dfba547\" data-element_type=\"widget\" data-e-type=\"widget\" data-widget_type=\"spacer.default\">\n\t\t\t\t<div class=\"elementor-widget-container\">\n\t\t\t\t\t\t\t<div class=\"elementor-spacer\">\n\t\t\t<div class=\"elementor-spacer-inner\"><\/div>\n\t\t<\/div>\n\t\t\t\t\t\t<\/div>\n\t\t\t\t<\/div>\n\t\t\t\t<div class=\"elementor-element elementor-element-298db9b5 sc_fly_static elementor-widget elementor-widget-trx_sc_icons\" data-id=\"298db9b5\" data-element_type=\"widget\" data-e-type=\"widget\" data-widget_type=\"trx_sc_icons.default\">\n\t\t\t\t<div class=\"elementor-widget-container\">\n\t\t\t\t\t<div \tclass=\"sc_icons sc_icons_bordered sc_icons_size_small sc_align_none\" ><div class=\"sc_icons_columns_wrap sc_item_columns trx_addons_columns_wrap columns_padding_bottom columns_in_single_row\" ><div class=\"trx_addons_column-1_2 trx_addons_column-1_1-tablet\"><div class=\"sc_icons_item\"><div class=\"sc_icons_icon sc_icon_type_ icon-marker\" ><span class=\"sc_icon_type_ icon-marker\"><\/span><\/div><div class=\"sc_icons_item_details\"><h4 class=\"sc_icons_item_title\"><span>Address<\/span><\/h4><div class=\"sc_icons_item_description\"><span>Turkiye \/ BOLU \u2014 <\/span><span>Izzet Baysal Kucuk Sanayi Sitesi, F Blok, No:1\/2<\/span><\/div><\/div><\/div><\/div><div class=\"trx_addons_column-1_2 trx_addons_column-1_1-tablet\"><div class=\"sc_icons_item sc_icons_item_linked with_more\"><div class=\"sc_icons_icon sc_icon_type_ icon-iphone\" ><span class=\"sc_icon_type_ icon-iphone\"><\/span><\/div><div class=\"sc_icons_item_details\"><h4 class=\"sc_icons_item_title\"><a href=\"tel:905434379951\">\n                                    E-mail \/ Telefon                                    <\/a><\/h4><div class=\"sc_icons_item_description\"><span><a href=\"mailto:info@gaviwood.com\">info@gaviwood.com<\/a><\/span><\/div><a href=\"tel:905434379951\" class=\"sc_icons_item_more_link\">\n                        <span class=\"link_text\">+90 543 4379951<\/span><span class=\"link_icon\"><\/span>\n                        <\/a><a href=\"tel:905434379951\"\n                        class=\"sc_icons_item_link\">\n                        <\/a><\/div><\/div><\/div><\/div><\/div><!-- \/.sc_icons -->\t\t\t\t<\/div>\n\t\t\t\t<\/div>\n\t\t\t\t\t<\/div>\n\t\t<\/div>\n\t\t\t\t\t<\/div>\n\t\t<\/section>\n\t\t\t\t<div class=\"elementor-element elementor-element-6cd43083 sc_height_huge sc_fly_static elementor-widget elementor-widget-spacer\" data-id=\"6cd43083\" data-element_type=\"widget\" data-e-type=\"widget\" data-widget_type=\"spacer.default\">\n\t\t\t\t<div class=\"elementor-widget-container\">\n\t\t\t\t\t\t\t<div class=\"elementor-spacer\">\n\t\t\t<div class=\"elementor-spacer-inner\"><\/div>\n\t\t<\/div>\n\t\t\t\t\t\t<\/div>\n\t\t\t\t<\/div>\n\t\t\t\t\t<\/div>\n\t\t<\/div>\n\t\t\t\t\t<\/div>\n\t\t<\/section>\n\t\t\t\t<section class=\"elementor-section elementor-top-section elementor-element elementor-element-5e83ae69 elementor-section-full_width elementor-section-height-default elementor-section-height-default sc_fly_static\" data-id=\"5e83ae69\" data-element_type=\"section\" data-e-type=\"section\">\n\t\t\t\t\t\t<div class=\"elementor-container elementor-column-gap-no\">\n\t\t\t\t\t<div class=\"elementor-column elementor-col-100 elementor-top-column elementor-element elementor-element-20ffe249 sc_content_align_inherit sc_layouts_column_icons_position_left sc_fly_static\" data-id=\"20ffe249\" data-element_type=\"column\" data-e-type=\"column\">\n\t\t\t<div class=\"elementor-widget-wrap elementor-element-populated\">\n\t\t\t\t\t\t<div class=\"elementor-element elementor-element-593df8f6 sc_fly_static elementor-widget elementor-widget-trx_sc_googlemap\" data-id=\"593df8f6\" data-element_type=\"widget\" data-e-type=\"widget\" data-widget_type=\"trx_sc_googlemap.default\">\n\t\t\t\t<div class=\"elementor-widget-container\">\n\t\t\t\t\t<div id=\"sc_googlemap_1638764508_wrap\" class=\"sc_googlemap_wrap\"><div id=\"sc_googlemap_1638764508\"\t\t\tclass=\"sc_item_content sc_map sc_googlemap sc_googlemap_default trx_addons_inline_1639175906\"\n\t\t\t \t\t\tdata-zoom=\"12\"\n\t\t\tdata-center=\"\"\n\t\t\tdata-style=\"extra\"\n\t\t\tdata-map-id=\"\"\n\t\t\tdata-cluster-icon=\"\"\n\t\t\t><iframe\n\t\t\t\t\t\tsrc=\"https:\/\/maps.google.com\/maps?t=m&output=embed&iwloc=near&z=12&q=40.740049%2C+31.698851\"\n\t\t\t\t\t\taria-label=\"\"><\/iframe><\/div><\/div>\t\t\t\t<\/div>\n\t\t\t\t<\/div>\n\t\t\t\t\t<\/div>\n\t\t<\/div>\n\t\t\t\t\t<\/div>\n\t\t<\/section>\n\t\t\t\t<section class=\"elementor-section elementor-top-section elementor-element elementor-element-98505c5 elementor-section-boxed elementor-section-height-default elementor-section-height-default sc_fly_static\" data-id=\"98505c5\" data-element_type=\"section\" data-e-type=\"section\">\n\t\t\t\t\t\t<div class=\"elementor-container elementor-column-gap-extended\">\n\t\t\t\t\t<div class=\"elementor-column elementor-col-100 elementor-top-column elementor-element elementor-element-2a619b9 sc_content_align_inherit sc_layouts_column_icons_position_left sc_fly_static\" data-id=\"2a619b9\" data-element_type=\"column\" data-e-type=\"column\">\n\t\t\t<div class=\"elementor-widget-wrap elementor-element-populated\">\n\t\t\t\t\t\t<div class=\"elementor-element elementor-element-6e642c5 sc_height_huge sc_fly_static elementor-widget elementor-widget-spacer\" data-id=\"6e642c5\" data-element_type=\"widget\" data-e-type=\"widget\" data-widget_type=\"spacer.default\">\n\t\t\t\t<div class=\"elementor-widget-container\">\n\t\t\t\t\t\t\t<div class=\"elementor-spacer\">\n\t\t\t<div class=\"elementor-spacer-inner\"><\/div>\n\t\t<\/div>\n\t\t\t\t\t\t<\/div>\n\t\t\t\t<\/div>\n\t\t\t\t\t<\/div>\n\t\t<\/div>\n\t\t\t\t\t<\/div>\n\t\t<\/section>\n\t\t\t\t<section class=\"elementor-section elementor-top-section elementor-element elementor-element-349f7da elementor-section-boxed elementor-section-height-default elementor-section-height-default sc_fly_static\" data-id=\"349f7da\" data-element_type=\"section\" data-e-type=\"section\">\n\t\t\t\t\t\t<div class=\"elementor-container elementor-column-gap-extended\">\n\t\t\t\t\t<div class=\"elementor-column elementor-col-100 elementor-top-column elementor-element elementor-element-8a05acd sc_content_align_inherit sc_layouts_column_icons_position_left sc_fly_static\" data-id=\"8a05acd\" data-element_type=\"column\" data-e-type=\"column\">\n\t\t\t<div class=\"elementor-widget-wrap elementor-element-populated\">\n\t\t\t\t\t\t<div class=\"elementor-element elementor-element-0e48d96 sc_height_huge sc_fly_static elementor-widget elementor-widget-spacer\" data-id=\"0e48d96\" data-element_type=\"widget\" data-e-type=\"widget\" data-widget_type=\"spacer.default\">\n\t\t\t\t<div class=\"elementor-widget-container\">\n\t\t\t\t\t\t\t<div class=\"elementor-spacer\">\n\t\t\t<div class=\"elementor-spacer-inner\"><\/div>\n\t\t<\/div>\n\t\t\t\t\t\t<\/div>\n\t\t\t\t<\/div>\n\t\t\t\t\t<\/div>\n\t\t<\/div>\n\t\t\t\t\t<\/div>\n\t\t<\/section>\n\t\t\t\t<\/div>","protected":false},"excerpt":{"rendered":"<p>ileti\u015fim Bize ula\u015f\u0131n! Size yard\u0131mc\u0131 olabilece\u011fimiz her konuda, diledi\u011finiz zaman bizlerle ileti\u015fime ge\u00e7ebilirsiniz. Sizlerle i\u015fbirli\u011fi yapmaktan memnuniyet duyaca\u011f\u0131z. Adres Turkiye \/ BOLU \u2014 Izzet Baysal K\u00fc\u00e7\u00fck Sanayi Sitesi, F Blok,&hellip;<\/p>","protected":false},"author":1,"featured_media":0,"parent":0,"menu_order":0,"comment_status":"closed","ping_status":"closed","template":"","meta":{"footnotes":""},"class_list":["post-1453","page","type-page","status-publish","hentry"],"yoast_head":"<!-- This site is optimized with the Yoast SEO plugin v27.3 - https:\/\/yoast.com\/product\/yoast-seo-wordpress\/ -->\n<title>\u0130leti\u015fim | Gavi Wood<\/title>\n<meta name=\"robots\" content=\"index, follow, max-snippet:-1, max-image-preview:large, max-video-preview:-1\" \/>\n<link rel=\"canonical\" href=\"https:\/\/gaviwood.com\/en\/iletisim\/\" \/>\n<meta property=\"og:locale\" content=\"en_US\" \/>\n<meta property=\"og:type\" content=\"article\" \/>\n<meta property=\"og:title\" content=\"\u0130leti\u015fim - Gavi Wood\" \/>\n<meta property=\"og:description\" content=\"ileti\u015fim Bize ula\u015f\u0131n! Size yard\u0131mc\u0131 olabilece\u011fimiz her konuda, diledi\u011finiz zaman bizlerle ileti\u015fime ge\u00e7ebilirsiniz. Sizlerle i\u015fbirli\u011fi yapmaktan memnuniyet duyaca\u011f\u0131z. Adres Turkiye \/ BOLU \u2014 Izzet Baysal K\u00fc\u00e7\u00fck Sanayi Sitesi, F Blok,&hellip;\" \/>\n<meta property=\"og:url\" content=\"https:\/\/gaviwood.com\/en\/iletisim\/\" \/>\n<meta property=\"og:site_name\" content=\"Gavi Wood\" \/>\n<meta property=\"article:modified_time\" content=\"2025-05-27T09:39:13+00:00\" \/>\n<meta name=\"twitter:card\" content=\"summary_large_image\" \/>\n<meta name=\"twitter:label1\" content=\"Est. reading time\" \/>\n\t<meta name=\"twitter:data1\" content=\"1 minute\" \/>\n<script type=\"application\/ld+json\" class=\"yoast-schema-graph\">{\"@context\":\"https:\\\/\\\/schema.org\",\"@graph\":[{\"@type\":\"WebPage\",\"@id\":\"https:\\\/\\\/gaviwood.com\\\/iletisim\\\/\",\"url\":\"https:\\\/\\\/gaviwood.com\\\/iletisim\\\/\",\"name\":\"\u0130leti\u015fim - Gavi Wood\",\"isPartOf\":{\"@id\":\"https:\\\/\\\/gaviwood.com\\\/#website\"},\"datePublished\":\"2020-12-30T11:12:41+00:00\",\"dateModified\":\"2025-05-27T09:39:13+00:00\",\"breadcrumb\":{\"@id\":\"https:\\\/\\\/gaviwood.com\\\/iletisim\\\/#breadcrumb\"},\"inLanguage\":\"en-US\",\"potentialAction\":[{\"@type\":\"ReadAction\",\"target\":[\"https:\\\/\\\/gaviwood.com\\\/iletisim\\\/\"]}]},{\"@type\":\"BreadcrumbList\",\"@id\":\"https:\\\/\\\/gaviwood.com\\\/iletisim\\\/#breadcrumb\",\"itemListElement\":[{\"@type\":\"ListItem\",\"position\":1,\"name\":\"Anasayfa\",\"item\":\"https:\\\/\\\/gaviwood.com\\\/\"},{\"@type\":\"ListItem\",\"position\":2,\"name\":\"\u0130leti\u015fim\"}]},{\"@type\":\"WebSite\",\"@id\":\"https:\\\/\\\/gaviwood.com\\\/#website\",\"url\":\"https:\\\/\\\/gaviwood.com\\\/\",\"name\":\"Gavi Wood\",\"description\":\"Solid by Nature\",\"publisher\":{\"@id\":\"https:\\\/\\\/gaviwood.com\\\/#organization\"},\"potentialAction\":[{\"@type\":\"SearchAction\",\"target\":{\"@type\":\"EntryPoint\",\"urlTemplate\":\"https:\\\/\\\/gaviwood.com\\\/?s={search_term_string}\"},\"query-input\":{\"@type\":\"PropertyValueSpecification\",\"valueRequired\":true,\"valueName\":\"search_term_string\"}}],\"inLanguage\":\"en-US\"},{\"@type\":\"Organization\",\"@id\":\"https:\\\/\\\/gaviwood.com\\\/#organization\",\"name\":\"Gavi Wood\",\"url\":\"https:\\\/\\\/gaviwood.com\\\/\",\"logo\":{\"@type\":\"ImageObject\",\"inLanguage\":\"en-US\",\"@id\":\"https:\\\/\\\/gaviwood.com\\\/#\\\/schema\\\/logo\\\/image\\\/\",\"url\":\"https:\\\/\\\/gaviwood.com\\\/wp-content\\\/uploads\\\/2024\\\/11\\\/GaviWood_Logo_300xRetina.png\",\"contentUrl\":\"https:\\\/\\\/gaviwood.com\\\/wp-content\\\/uploads\\\/2024\\\/11\\\/GaviWood_Logo_300xRetina.png\",\"width\":300,\"height\":72,\"caption\":\"Gavi Wood\"},\"image\":{\"@id\":\"https:\\\/\\\/gaviwood.com\\\/#\\\/schema\\\/logo\\\/image\\\/\"}}]}<\/script>\n<!-- \/ Yoast SEO plugin. -->","yoast_head_json":{"title":"\u0130leti\u015fim | Gavi Wood","robots":{"index":"index","follow":"follow","max-snippet":"max-snippet:-1","max-image-preview":"max-image-preview:large","max-video-preview":"max-video-preview:-1"},"canonical":"https:\/\/gaviwood.com\/en\/iletisim\/","og_locale":"en_US","og_type":"article","og_title":"\u0130leti\u015fim - Gavi Wood","og_description":"ileti\u015fim Bize ula\u015f\u0131n! Size yard\u0131mc\u0131 olabilece\u011fimiz her konuda, diledi\u011finiz zaman bizlerle ileti\u015fime ge\u00e7ebilirsiniz. Sizlerle i\u015fbirli\u011fi yapmaktan memnuniyet duyaca\u011f\u0131z. Adres Turkiye \/ BOLU \u2014 Izzet Baysal K\u00fc\u00e7\u00fck Sanayi Sitesi, F Blok,&hellip;","og_url":"https:\/\/gaviwood.com\/en\/iletisim\/","og_site_name":"Gavi Wood","article_modified_time":"2025-05-27T09:39:13+00:00","twitter_card":"summary_large_image","twitter_misc":{"Est. reading time":"1 minute"},"schema":{"@context":"https:\/\/schema.org","@graph":[{"@type":"WebPage","@id":"https:\/\/gaviwood.com\/iletisim\/","url":"https:\/\/gaviwood.com\/iletisim\/","name":"\u0130leti\u015fim - Gavi Wood","isPartOf":{"@id":"https:\/\/gaviwood.com\/#website"},"datePublished":"2020-12-30T11:12:41+00:00","dateModified":"2025-05-27T09:39:13+00:00","breadcrumb":{"@id":"https:\/\/gaviwood.com\/iletisim\/#breadcrumb"},"inLanguage":"en-US","potentialAction":[{"@type":"ReadAction","target":["https:\/\/gaviwood.com\/iletisim\/"]}]},{"@type":"BreadcrumbList","@id":"https:\/\/gaviwood.com\/iletisim\/#breadcrumb","itemListElement":[{"@type":"ListItem","position":1,"name":"Anasayfa","item":"https:\/\/gaviwood.com\/"},{"@type":"ListItem","position":2,"name":"\u0130leti\u015fim"}]},{"@type":"WebSite","@id":"https:\/\/gaviwood.com\/#website","url":"https:\/\/gaviwood.com\/","name":"Gavi Wood","description":"Solid by Nature","publisher":{"@id":"https:\/\/gaviwood.com\/#organization"},"potentialAction":[{"@type":"SearchAction","target":{"@type":"EntryPoint","urlTemplate":"https:\/\/gaviwood.com\/?s={search_term_string}"},"query-input":{"@type":"PropertyValueSpecification","valueRequired":true,"valueName":"search_term_string"}}],"inLanguage":"en-US"},{"@type":"Organization","@id":"https:\/\/gaviwood.com\/#organization","name":"Gavi Wood","url":"https:\/\/gaviwood.com\/","logo":{"@type":"ImageObject","inLanguage":"en-US","@id":"https:\/\/gaviwood.com\/#\/schema\/logo\/image\/","url":"https:\/\/gaviwood.com\/wp-content\/uploads\/2024\/11\/GaviWood_Logo_300xRetina.png","contentUrl":"https:\/\/gaviwood.com\/wp-content\/uploads\/2024\/11\/GaviWood_Logo_300xRetina.png","width":300,"height":72,"caption":"Gavi Wood"},"image":{"@id":"https:\/\/gaviwood.com\/#\/schema\/logo\/image\/"}}]}},"_links":{"self":[{"href":"https:\/\/gaviwood.com\/en\/wp-json\/wp\/v2\/pages\/1453","targetHints":{"allow":["GET"]}}],"collection":[{"href":"https:\/\/gaviwood.com\/en\/wp-json\/wp\/v2\/pages"}],"about":[{"href":"https:\/\/gaviwood.com\/en\/wp-json\/wp\/v2\/types\/page"}],"author":[{"embeddable":true,"href":"https:\/\/gaviwood.com\/en\/wp-json\/wp\/v2\/users\/1"}],"replies":[{"embeddable":true,"href":"https:\/\/gaviwood.com\/en\/wp-json\/wp\/v2\/comments?post=1453"}],"version-history":[{"count":7,"href":"https:\/\/gaviwood.com\/en\/wp-json\/wp\/v2\/pages\/1453\/revisions"}],"predecessor-version":[{"id":38279,"href":"https:\/\/gaviwood.com\/en\/wp-json\/wp\/v2\/pages\/1453\/revisions\/38279"}],"wp:attachment":[{"href":"https:\/\/gaviwood.com\/en\/wp-json\/wp\/v2\/media?parent=1453"}],"curies":[{"name":"wp","href":"https:\/\/api.w.org\/{rel}","templated":true}]}}